{"id":108,"date":"2025-12-05T13:55:41","date_gmt":"2025-12-05T13:55:41","guid":{"rendered":"https:\/\/marjaneteck.com\/?page_id=108"},"modified":"2025-12-22T18:27:56","modified_gmt":"2025-12-22T18:27:56","slug":"page-daccueil","status":"publish","type":"page","link":"https:\/\/marjaneteck.com\/","title":{"rendered":"Page d&rsquo;accueil"},"content":{"rendered":"\n<div class=\"slider-wrapper relative\" id=\"slider-1362905955\" >\n    <div class=\"slider slider-nav-circle slider-nav-large slider-nav-light slider-nav-outside slider-style-normal\"\n        data-flickity-options='{\n            \"cellAlign\": \"left\",\n            \"imagesLoaded\": true,\n            \"lazyLoad\": 1,\n            \"freeScroll\": false,\n            \"wrapAround\": true,\n            \"autoPlay\": 6000,\n            \"pauseAutoPlayOnHover\" : true,\n            \"prevNextButtons\": true,\n            \"contain\" : true,\n            \"adaptiveHeight\" : true,\n            \"dragThreshold\" : 10,\n            \"percentPosition\": true,\n            \"pageDots\": true,\n            \"rightToLeft\": false,\n            \"draggable\": true,\n            \"selectedAttraction\": 0.1,\n            \"parallax\" : 0,\n            \"friction\": 0.6        }'\n        >\n        \n\n\n  <div class=\"banner has-hover bg-overlay-remove-50 bg-fade-out\" id=\"banner-1791615872\">\n          <div class=\"banner-inner fill\">\n        <div class=\"banner-bg fill\" >\n            <div class=\"bg fill bg-fill \"><\/div>\n                        <div class=\"overlay\"><\/div>            \n                    <\/div>\n        <div class=\"banner-layers container\">\n            <div class=\"fill banner-link\"><\/div>            \n\n   <div id=\"text-box-617278743\" class=\"text-box banner-layer x50 md-x50 lg-x50 y50 md-y50 lg-y50 res-text\">\n                     <div data-animate=\"bounceIn\">           <div class=\"text \">\n              \n              <div class=\"text-inner text-center\">\n                  \n\n\t<div id=\"text-878931135\" class=\"text\">\n\t\t\n\n<p><strong>Mobilier &amp; Am\u00e9nagement Professionnel<\/strong><\/p>\n<p><strong>Votre expert en mobilier professionnel et am\u00e9nagement d\u2019espaces<\/strong><\/p>\n\t\t\n<style>\n#text-878931135 {\n  font-size: 0.75rem;\n  line-height: 0.75;\n  text-align: center;\n  color: rgb(255,255,255);\n}\n#text-878931135 > * {\n  color: rgb(255,255,255);\n}\n@media (min-width:550px) {\n  #text-878931135 {\n    font-size: 1.5rem;\n    line-height: 1.25;\n    text-align: center;\n  }\n}\n<\/style>\n\t<\/div>\n\t\n<a class=\"button primary\"  style=\"border-radius:99px;\">\n    <span>demander un devis !<\/span>\n  <\/a>\n\n\n\n              <\/div>\n           <\/div>\n       <\/div>                     \n<style>\n#text-box-617278743 {\n  width: 100%;\n}\n#text-box-617278743 .text {\n  font-size: 100%;\n}\n@media (min-width:550px) {\n  #text-box-617278743 {\n    width: 100%;\n  }\n}\n<\/style>\n    <\/div>\n \n\n        <\/div>\n      <\/div>\n\n            \n<style>\n#banner-1791615872 {\n  padding-top: 56.25%;\n  background-color: rgb(0,0,0);\n}\n#banner-1791615872 .bg.bg-loaded {\n  background-image: url(https:\/\/marjaneteck.com\/wp-content\/uploads\/2025\/12\/vecteezy_contemporary-office-interior-with-desk-chair-and-wooden-accents_69359936-1024x574.jpg);\n}\n#banner-1791615872 .overlay {\n  background-color: rgba(0,0,0,.5);\n}\n#banner-1791615872 .bg {\n  background-position: 45% 33%;\n}\n@media (min-width:550px) {\n  #banner-1791615872 {\n    padding-top: 50%;\n  }\n}\n<\/style>\n  <\/div>\n\n\n\n     <\/div>\n\n     <div class=\"loading-spin dark large centered\"><\/div>\n\n     <\/div>\n\n\n<div class=\"container section-title-container\" ><h3 class=\"section-title section-title-center\"><b><\/b><span class=\"section-title-main\" style=\"color:rgb(255, 95, 0);\">Nos domaines d\u2019expertise<\/span><b><\/b><\/h3><\/div>\n\n<div class=\"row align-middle\"  id=\"row-41956876\">\n\n\n\t<div id=\"col-788869564\" class=\"col medium-5 small-12 large-5\"  >\n\t\t<div class=\"col-inner\"  >\n\t\t\t\n\t\t\t\n\n<h3><strong>Mobilier professionnel<\/strong><\/h3>\n<ul>\n<li>Bureaux individuels et bench<\/li>\n<li>Si\u00e8ges ergonomiques<\/li>\n<li>Rangements modulaires<\/li>\n<li>Salles de r\u00e9union et espaces collaboratifs<\/li>\n<li>Mobilier d\u2019accueil et open spaces<\/li>\n<li>Mobilier Scolaire<\/li>\n<li>Accessoire bureau<\/li>\n<\/ul>\n\n\t\t<\/div>\n\t\t\t<\/div>\n\n\t\n\n\t<div id=\"col-1865101757\" class=\"col medium-7 small-12 large-7\"  >\n\t\t<div class=\"col-inner\"  >\n\t\t\t\n\t\t\t\n\n\t<div class=\"img has-hover x md-x lg-x y md-y lg-y\" id=\"image_213759733\">\n\t\t\t\t\t\t<div data-animate=\"fadeInLeft\">\t\t<div class=\"img-inner dark\" >\n\t\t\t<img loading=\"lazy\" decoding=\"async\" width=\"1020\" height=\"680\" src=\"https:\/\/marjaneteck.com\/wp-content\/uploads\/2025\/12\/interieur-d-une-partie-d-un-bureau-moderne-open-space-1024x683.jpg\" class=\"attachment-large size-large\" alt=\"\" srcset=\"https:\/\/marjaneteck.com\/wp-content\/uploads\/2025\/12\/interieur-d-une-partie-d-un-bureau-moderne-open-space-1024x683.jpg 1024w, https:\/\/marjaneteck.com\/wp-content\/uploads\/2025\/12\/interieur-d-une-partie-d-un-bureau-moderne-open-space-300x200.jpg 300w, https:\/\/marjaneteck.com\/wp-content\/uploads\/2025\/12\/interieur-d-une-partie-d-un-bureau-moderne-open-space-768x512.jpg 768w, https:\/\/marjaneteck.com\/wp-content\/uploads\/2025\/12\/interieur-d-une-partie-d-un-bureau-moderne-open-space-1536x1024.jpg 1536w, https:\/\/marjaneteck.com\/wp-content\/uploads\/2025\/12\/interieur-d-une-partie-d-un-bureau-moderne-open-space-2048x1365.jpg 2048w, https:\/\/marjaneteck.com\/wp-content\/uploads\/2025\/12\/interieur-d-une-partie-d-un-bureau-moderne-open-space-510x340.jpg 510w\" sizes=\"auto, (max-width: 1020px) 100vw, 1020px\" \/>\t\t\t\t\t\t\n\t\t\t\t\t<\/div>\n\t\t<\/div>\t\t\t\t\t\t\n<style>\n#image_213759733 {\n  width: 100%;\n}\n<\/style>\n\t<\/div>\n\t\n\n\n\t\t<\/div>\n\t\t\t<\/div>\n\n\t\n\n<\/div>\n<div class=\"row align-middle\"  id=\"row-1657547582\">\n\n\n\t<div id=\"col-878964066\" class=\"col medium-7 small-12 large-7\"  >\n\t\t<div class=\"col-inner\"  >\n\t\t\t\n\t\t\t\n\n\t<div class=\"img has-hover x md-x lg-x y md-y lg-y\" id=\"image_752975673\">\n\t\t\t\t\t\t<div data-animate=\"fadeInLeft\">\t\t<div class=\"img-inner dark\" >\n\t\t\t<img loading=\"lazy\" decoding=\"async\" width=\"1020\" height=\"681\" src=\"https:\/\/marjaneteck.com\/wp-content\/uploads\/2025\/12\/pexels-pixabay-37347-1024x684.jpg\" class=\"attachment-large size-large\" alt=\"\" srcset=\"https:\/\/marjaneteck.com\/wp-content\/uploads\/2025\/12\/pexels-pixabay-37347-1024x684.jpg 1024w, https:\/\/marjaneteck.com\/wp-content\/uploads\/2025\/12\/pexels-pixabay-37347-300x200.jpg 300w, https:\/\/marjaneteck.com\/wp-content\/uploads\/2025\/12\/pexels-pixabay-37347-768x513.jpg 768w, https:\/\/marjaneteck.com\/wp-content\/uploads\/2025\/12\/pexels-pixabay-37347-1536x1026.jpg 1536w, https:\/\/marjaneteck.com\/wp-content\/uploads\/2025\/12\/pexels-pixabay-37347-2048x1367.jpg 2048w, https:\/\/marjaneteck.com\/wp-content\/uploads\/2025\/12\/pexels-pixabay-37347-510x341.jpg 510w\" sizes=\"auto, (max-width: 1020px) 100vw, 1020px\" \/>\t\t\t\t\t\t\n\t\t\t\t\t<\/div>\n\t\t<\/div>\t\t\t\t\t\t\n<style>\n#image_752975673 {\n  width: 100%;\n}\n<\/style>\n\t<\/div>\n\t\n\n\n\t\t<\/div>\n\t\t\t<\/div>\n\n\t\n\n\t<div id=\"col-1990885377\" class=\"col medium-5 small-12 large-5\"  >\n\t\t<div class=\"col-inner\"  >\n\t\t\t\n\t\t\t\n\n<h3><strong>Am\u00e9nagement des espaces professionnels<\/strong><\/h3>\n<ul>\n<li>Analyse de vos besoins et audit d\u2019espace<\/li>\n<li>Conception 2D\/3D de vos futurs locaux<\/li>\n<li>Optimisation des circulations et des postes de travail<\/li>\n<li>Solutions acoustiques et cloisonnement<\/li>\n<li>Suivi du projet jusqu\u2019\u00e0 l\u2019installation finale<\/li>\n<\/ul>\n\n\t\t<\/div>\n\t\t\t<\/div>\n\n\t\n\n<\/div>\n<div class=\"container section-title-container\" ><h3 class=\"section-title section-title-center\"><b><\/b><span class=\"section-title-main\" style=\"color:rgb(227, 90, 9);\">Pourquoi choisir notre expertise ?<\/span><b><\/b><\/h3><\/div>\n\n<div class=\"row\"  id=\"row-682625243\">\n\n\n\t<div id=\"col-234305986\" class=\"col medium-2 small-12 large-2\"  >\n\t\t<div class=\"col-inner\"  >\n\t\t\t\n\t\t\t\n\n\n\t\t<\/div>\n\t\t\t<\/div>\n\n\t\n\n\t<div id=\"col-190477471\" class=\"col medium-8 small-12 large-8\"  >\n\t\t<div class=\"col-inner\"  >\n\t\t\t\n\t\t\t\n\n<p>&#x2714; <strong>Expertise et appr\u00e9ciation\u00a0<\/strong>: Expertise et sp\u00e9cialit\u00e9 en importation et une force d\u2019exp\u00e9rience de <strong>28 ans<\/strong><br \/>&#x2714; <strong>Ergonomie &amp; performance<\/strong> : du mobilier pens\u00e9 pour le confort, la sant\u00e9 et la productivit\u00e9 de vos \u00e9quipes.<br \/>&#x2714; <strong>Qualit\u00e9 &amp; durabilit\u00e9<\/strong> : des produits robustes r\u00e9pondant aux normes professionnelles.<br \/>&#x2714; <strong>Design &amp; innovation<\/strong> : des solutions esth\u00e9tiques, modernes et inspirantes.<br \/>&#x2714; <strong>Accompagnement personnalis\u00e9<\/strong> : chaque projet est unique, nous vous guidons du conseil au suivi de chantier.<\/p>\n\n\t\t<\/div>\n\t\t\t<\/div>\n\n\t\n\n\t<div id=\"col-1772628063\" class=\"col medium-2 small-12 large-2\"  >\n\t\t<div class=\"col-inner\"  >\n\t\t\t\n\t\t\t\n\n\n\t\t<\/div>\n\t\t\t<\/div>\n\n\t\n\n<\/div>\n<div class=\"container section-title-container\" ><h3 class=\"section-title section-title-center\"><b><\/b><span class=\"section-title-main\" style=\"color:rgb(227, 121, 0);\">Nos chaises<\/span><b><\/b><\/h3><\/div>\n\n\n  \n    <div class=\"row  equalize-box large-columns-4 medium-columns-3 small-columns-2 row-small slider row-slider slider-nav-reveal slider-nav-push\"  data-flickity-options='{\"imagesLoaded\": true, \"groupCells\": \"100%\", \"dragThreshold\" : 5, \"cellAlign\": \"left\",\"wrapAround\": true,\"prevNextButtons\": true,\"percentPosition\": true,\"pageDots\": false, \"rightToLeft\": false, \"autoPlay\" : false}'>\n\n  \t\n\t     \n\t\t\t\t\t\n<div class=\"product-small col has-hover product type-product post-217 status-publish first instock product_cat-non-classe has-post-thumbnail shipping-taxable purchasable product-type-simple\">\n\t<div class=\"col-inner\">\n\t\n<div class=\"badge-container absolute left top z-1\">\n<\/div>\n\t<div class=\"product-small box \">\n\t\t<div class=\"box-image\">\n\t\t\t<div class=\"image-fade_in_back\">\n\t\t\t\t<a href=\"https:\/\/marjaneteck.com\/?product=chaise-dinvite-noir-2\">\n\t\t\t\t\t<img loading=\"lazy\" decoding=\"async\" width=\"247\" height=\"296\" src=\"https:\/\/marjaneteck.com\/wp-content\/uploads\/2025\/12\/Capture-decran-2025-12-22-182719-247x296.png\" class=\"attachment-woocommerce_thumbnail size-woocommerce_thumbnail\" alt=\"chaise d&#039;invit\u00e9 noir\" \/>\t\t\t\t<\/a>\n\t\t\t<\/div>\n\t\t\t<div class=\"image-tools is-small top right show-on-hover\">\n\t\t\t\t\t\t\t<\/div>\n\t\t\t<div class=\"image-tools is-small hide-for-small bottom left show-on-hover\">\n\t\t\t\t\t\t\t<\/div>\n\t\t\t<div class=\"image-tools grid-tools text-center hide-for-small bottom hover-slide-in show-on-hover\">\n\t\t\t\t  <a class=\"quick-view\" data-prod=\"217\" href=\"#quick-view\">Aper\u00e7u<\/a>\t\t\t<\/div>\n\t\t\t\t\t<\/div>\n\n\t\t<div class=\"box-text box-text-products\">\n\t\t\t<div class=\"title-wrapper\"><p class=\"name product-title woocommerce-loop-product__title\"><a href=\"https:\/\/marjaneteck.com\/?product=chaise-dinvite-noir-2\" class=\"woocommerce-LoopProduct-link woocommerce-loop-product__link\">chaise d&rsquo;invit\u00e9 noir<\/a><\/p><\/div><div class=\"price-wrapper\">\n\t<span class=\"price\"><span class=\"woocommerce-Price-amount amount\"><bdi><span class=\"woocommerce-Price-currencySymbol\">&#x62f;.&#x645;.<\/span>&nbsp;499,00<\/bdi><\/span><\/span>\n<\/div>\t\t<\/div>\n\t<\/div>\n\t\t<\/div>\n<\/div>\n\t            \n\t\t\t\t\t\n<div class=\"product-small col has-hover product type-product post-211 status-publish instock product_cat-non-classe has-post-thumbnail shipping-taxable purchasable product-type-simple\">\n\t<div class=\"col-inner\">\n\t\n<div class=\"badge-container absolute left top z-1\">\n<\/div>\n\t<div class=\"product-small box \">\n\t\t<div class=\"box-image\">\n\t\t\t<div class=\"image-fade_in_back\">\n\t\t\t\t<a href=\"https:\/\/marjaneteck.com\/?product=chaise-dinvite-noir\">\n\t\t\t\t\t<img loading=\"lazy\" decoding=\"async\" width=\"247\" height=\"296\" src=\"https:\/\/marjaneteck.com\/wp-content\/uploads\/2025\/12\/Capture-decran-2025-12-22-182719-247x296.png\" class=\"attachment-woocommerce_thumbnail size-woocommerce_thumbnail\" alt=\"chaise d&#039;invit\u00e9 noir\" \/>\t\t\t\t<\/a>\n\t\t\t<\/div>\n\t\t\t<div class=\"image-tools is-small top right show-on-hover\">\n\t\t\t\t\t\t\t<\/div>\n\t\t\t<div class=\"image-tools is-small hide-for-small bottom left show-on-hover\">\n\t\t\t\t\t\t\t<\/div>\n\t\t\t<div class=\"image-tools grid-tools text-center hide-for-small bottom hover-slide-in show-on-hover\">\n\t\t\t\t  <a class=\"quick-view\" data-prod=\"211\" href=\"#quick-view\">Aper\u00e7u<\/a>\t\t\t<\/div>\n\t\t\t\t\t<\/div>\n\n\t\t<div class=\"box-text box-text-products\">\n\t\t\t<div class=\"title-wrapper\"><p class=\"name product-title woocommerce-loop-product__title\"><a href=\"https:\/\/marjaneteck.com\/?product=chaise-dinvite-noir\" class=\"woocommerce-LoopProduct-link woocommerce-loop-product__link\">chaise d&rsquo;invit\u00e9 noir<\/a><\/p><\/div><div class=\"price-wrapper\">\n\t<span class=\"price\"><span class=\"woocommerce-Price-amount amount\"><bdi><span class=\"woocommerce-Price-currencySymbol\">&#x62f;.&#x645;.<\/span>&nbsp;499,00<\/bdi><\/span><\/span>\n<\/div>\t\t<\/div>\n\t<\/div>\n\t\t<\/div>\n<\/div>\n\t            \n\t\t\t\t\t\n<div class=\"product-small col has-hover product type-product post-210 status-publish last instock product_cat-non-classe has-post-thumbnail shipping-taxable purchasable product-type-simple\">\n\t<div class=\"col-inner\">\n\t\n<div class=\"badge-container absolute left top z-1\">\n<\/div>\n\t<div class=\"product-small box \">\n\t\t<div class=\"box-image\">\n\t\t\t<div class=\"image-fade_in_back\">\n\t\t\t\t<a href=\"https:\/\/marjaneteck.com\/?product=chaise-invite-marron\">\n\t\t\t\t\t<img loading=\"lazy\" decoding=\"async\" width=\"247\" height=\"296\" src=\"https:\/\/marjaneteck.com\/wp-content\/uploads\/2025\/12\/Capture-decran-2025-12-22-182737-247x296.png\" class=\"attachment-woocommerce_thumbnail size-woocommerce_thumbnail\" alt=\"chaise invit\u00e9 marron\" \/>\t\t\t\t<\/a>\n\t\t\t<\/div>\n\t\t\t<div class=\"image-tools is-small top right show-on-hover\">\n\t\t\t\t\t\t\t<\/div>\n\t\t\t<div class=\"image-tools is-small hide-for-small bottom left show-on-hover\">\n\t\t\t\t\t\t\t<\/div>\n\t\t\t<div class=\"image-tools grid-tools text-center hide-for-small bottom hover-slide-in show-on-hover\">\n\t\t\t\t  <a class=\"quick-view\" data-prod=\"210\" href=\"#quick-view\">Aper\u00e7u<\/a>\t\t\t<\/div>\n\t\t\t\t\t<\/div>\n\n\t\t<div class=\"box-text box-text-products\">\n\t\t\t<div class=\"title-wrapper\"><p class=\"name product-title woocommerce-loop-product__title\"><a href=\"https:\/\/marjaneteck.com\/?product=chaise-invite-marron\" class=\"woocommerce-LoopProduct-link woocommerce-loop-product__link\">chaise invit\u00e9 marron<\/a><\/p><\/div><div class=\"price-wrapper\">\n\t<span class=\"price\"><span class=\"woocommerce-Price-amount amount\"><bdi><span class=\"woocommerce-Price-currencySymbol\">&#x62f;.&#x645;.<\/span>&nbsp;499,00<\/bdi><\/span><\/span>\n<\/div>\t\t<\/div>\n\t<\/div>\n\t\t<\/div>\n<\/div>\n\t            \n\t\t\t\t\t\n<div class=\"product-small col has-hover product type-product post-206 status-publish first instock product_cat-non-classe has-post-thumbnail shipping-taxable purchasable product-type-simple\">\n\t<div class=\"col-inner\">\n\t\n<div class=\"badge-container absolute left top z-1\">\n<\/div>\n\t<div class=\"product-small box \">\n\t\t<div class=\"box-image\">\n\t\t\t<div class=\"image-fade_in_back\">\n\t\t\t\t<a href=\"https:\/\/marjaneteck.com\/?product=chaise-comfortable\">\n\t\t\t\t\t<img loading=\"lazy\" decoding=\"async\" width=\"247\" height=\"296\" src=\"https:\/\/marjaneteck.com\/wp-content\/uploads\/2025\/12\/Capture-decran-2025-12-22-182755-247x296.png\" class=\"attachment-woocommerce_thumbnail size-woocommerce_thumbnail\" alt=\"chaise d&#039;administration comfortable\" \/>\t\t\t\t<\/a>\n\t\t\t<\/div>\n\t\t\t<div class=\"image-tools is-small top right show-on-hover\">\n\t\t\t\t\t\t\t<\/div>\n\t\t\t<div class=\"image-tools is-small hide-for-small bottom left show-on-hover\">\n\t\t\t\t\t\t\t<\/div>\n\t\t\t<div class=\"image-tools grid-tools text-center hide-for-small bottom hover-slide-in show-on-hover\">\n\t\t\t\t  <a class=\"quick-view\" data-prod=\"206\" href=\"#quick-view\">Aper\u00e7u<\/a>\t\t\t<\/div>\n\t\t\t\t\t<\/div>\n\n\t\t<div class=\"box-text box-text-products\">\n\t\t\t<div class=\"title-wrapper\"><p class=\"name product-title woocommerce-loop-product__title\"><a href=\"https:\/\/marjaneteck.com\/?product=chaise-comfortable\" class=\"woocommerce-LoopProduct-link woocommerce-loop-product__link\">chaise d&rsquo;administration comfortable<\/a><\/p><\/div><div class=\"price-wrapper\">\n\t<span class=\"price\"><span class=\"woocommerce-Price-amount amount\"><bdi><span class=\"woocommerce-Price-currencySymbol\">&#x62f;.&#x645;.<\/span>&nbsp;699,00<\/bdi><\/span><\/span>\n<\/div>\t\t<\/div>\n\t<\/div>\n\t\t<\/div>\n<\/div>\n\t            \t        <\/div>\n\n\n","protected":false},"excerpt":{"rendered":"","protected":false},"author":1,"featured_media":112,"parent":0,"menu_order":0,"comment_status":"closed","ping_status":"closed","template":"page-blank.php","meta":{"footnotes":""},"class_list":["post-108","page","type-page","status-publish","has-post-thumbnail","hentry"],"yoast_head":"<!-- This site is optimized with the Yoast SEO plugin v27.5 - https:\/\/yoast.com\/product\/yoast-seo-wordpress\/ -->\n<title>Page d&#039;accueil - marjane teck<\/title>\n<meta name=\"robots\" content=\"index, follow, max-snippet:-1, max-image-preview:large, max-video-preview:-1\" \/>\n<link rel=\"canonical\" href=\"https:\/\/marjaneteck.com\/\" \/>\n<meta property=\"og:locale\" content=\"fr_FR\" \/>\n<meta property=\"og:type\" content=\"article\" \/>\n<meta property=\"og:title\" content=\"Page d&#039;accueil - marjane teck\" \/>\n<meta property=\"og:url\" content=\"https:\/\/marjaneteck.com\/\" \/>\n<meta property=\"og:site_name\" content=\"marjane teck\" \/>\n<meta property=\"article:modified_time\" content=\"2025-12-22T18:27:56+00:00\" \/>\n<meta property=\"og:image\" content=\"https:\/\/marjaneteck.com\/wp-content\/uploads\/2025\/12\/cropped-logo_jdid-removebg-preview-1.png\" \/>\n\t<meta property=\"og:image:width\" content=\"512\" \/>\n\t<meta property=\"og:image:height\" content=\"512\" \/>\n\t<meta property=\"og:image:type\" content=\"image\/png\" \/>\n<meta name=\"twitter:card\" content=\"summary_large_image\" \/>\n<meta name=\"twitter:label1\" content=\"Dur\u00e9e de lecture estim\u00e9e\" \/>\n\t<meta name=\"twitter:data1\" content=\"2 minutes\" \/>\n<script type=\"application\/ld+json\" class=\"yoast-schema-graph\">{\"@context\":\"https:\\\/\\\/schema.org\",\"@graph\":[{\"@type\":\"WebPage\",\"@id\":\"https:\\\/\\\/marjaneteck.com\\\/\",\"url\":\"https:\\\/\\\/marjaneteck.com\\\/\",\"name\":\"Page d'accueil - marjane teck\",\"isPartOf\":{\"@id\":\"https:\\\/\\\/marjaneteck.com\\\/#website\"},\"primaryImageOfPage\":{\"@id\":\"https:\\\/\\\/marjaneteck.com\\\/#primaryimage\"},\"image\":{\"@id\":\"https:\\\/\\\/marjaneteck.com\\\/#primaryimage\"},\"thumbnailUrl\":\"https:\\\/\\\/marjaneteck.com\\\/wp-content\\\/uploads\\\/2025\\\/12\\\/cropped-logo_jdid-removebg-preview-1.png\",\"datePublished\":\"2025-12-05T13:55:41+00:00\",\"dateModified\":\"2025-12-22T18:27:56+00:00\",\"breadcrumb\":{\"@id\":\"https:\\\/\\\/marjaneteck.com\\\/#breadcrumb\"},\"inLanguage\":\"fr-FR\",\"potentialAction\":[{\"@type\":\"ReadAction\",\"target\":[\"https:\\\/\\\/marjaneteck.com\\\/\"]}]},{\"@type\":\"ImageObject\",\"inLanguage\":\"fr-FR\",\"@id\":\"https:\\\/\\\/marjaneteck.com\\\/#primaryimage\",\"url\":\"https:\\\/\\\/marjaneteck.com\\\/wp-content\\\/uploads\\\/2025\\\/12\\\/cropped-logo_jdid-removebg-preview-1.png\",\"contentUrl\":\"https:\\\/\\\/marjaneteck.com\\\/wp-content\\\/uploads\\\/2025\\\/12\\\/cropped-logo_jdid-removebg-preview-1.png\",\"width\":512,\"height\":512},{\"@type\":\"BreadcrumbList\",\"@id\":\"https:\\\/\\\/marjaneteck.com\\\/#breadcrumb\",\"itemListElement\":[{\"@type\":\"ListItem\",\"position\":1,\"name\":\"Home\",\"item\":\"https:\\\/\\\/marjaneteck.com\\\/\"},{\"@type\":\"ListItem\",\"position\":2,\"name\":\"Page d&rsquo;accueil\"}]},{\"@type\":\"WebSite\",\"@id\":\"https:\\\/\\\/marjaneteck.com\\\/#website\",\"url\":\"https:\\\/\\\/marjaneteck.com\\\/\",\"name\":\"marjane teck\",\"description\":\"Marjaneteck\",\"potentialAction\":[{\"@type\":\"SearchAction\",\"target\":{\"@type\":\"EntryPoint\",\"urlTemplate\":\"https:\\\/\\\/marjaneteck.com\\\/?s={search_term_string}\"},\"query-input\":{\"@type\":\"PropertyValueSpecification\",\"valueRequired\":true,\"valueName\":\"search_term_string\"}}],\"inLanguage\":\"fr-FR\"}]}<\/script>\n<!-- \/ Yoast SEO plugin. -->","yoast_head_json":{"title":"Page d'accueil - marjane teck","robots":{"index":"index","follow":"follow","max-snippet":"max-snippet:-1","max-image-preview":"max-image-preview:large","max-video-preview":"max-video-preview:-1"},"canonical":"https:\/\/marjaneteck.com\/","og_locale":"fr_FR","og_type":"article","og_title":"Page d'accueil - marjane teck","og_url":"https:\/\/marjaneteck.com\/","og_site_name":"marjane teck","article_modified_time":"2025-12-22T18:27:56+00:00","og_image":[{"width":512,"height":512,"url":"https:\/\/marjaneteck.com\/wp-content\/uploads\/2025\/12\/cropped-logo_jdid-removebg-preview-1.png","type":"image\/png"}],"twitter_card":"summary_large_image","twitter_misc":{"Dur\u00e9e de lecture estim\u00e9e":"2 minutes"},"schema":{"@context":"https:\/\/schema.org","@graph":[{"@type":"WebPage","@id":"https:\/\/marjaneteck.com\/","url":"https:\/\/marjaneteck.com\/","name":"Page d'accueil - marjane teck","isPartOf":{"@id":"https:\/\/marjaneteck.com\/#website"},"primaryImageOfPage":{"@id":"https:\/\/marjaneteck.com\/#primaryimage"},"image":{"@id":"https:\/\/marjaneteck.com\/#primaryimage"},"thumbnailUrl":"https:\/\/marjaneteck.com\/wp-content\/uploads\/2025\/12\/cropped-logo_jdid-removebg-preview-1.png","datePublished":"2025-12-05T13:55:41+00:00","dateModified":"2025-12-22T18:27:56+00:00","breadcrumb":{"@id":"https:\/\/marjaneteck.com\/#breadcrumb"},"inLanguage":"fr-FR","potentialAction":[{"@type":"ReadAction","target":["https:\/\/marjaneteck.com\/"]}]},{"@type":"ImageObject","inLanguage":"fr-FR","@id":"https:\/\/marjaneteck.com\/#primaryimage","url":"https:\/\/marjaneteck.com\/wp-content\/uploads\/2025\/12\/cropped-logo_jdid-removebg-preview-1.png","contentUrl":"https:\/\/marjaneteck.com\/wp-content\/uploads\/2025\/12\/cropped-logo_jdid-removebg-preview-1.png","width":512,"height":512},{"@type":"BreadcrumbList","@id":"https:\/\/marjaneteck.com\/#breadcrumb","itemListElement":[{"@type":"ListItem","position":1,"name":"Home","item":"https:\/\/marjaneteck.com\/"},{"@type":"ListItem","position":2,"name":"Page d&rsquo;accueil"}]},{"@type":"WebSite","@id":"https:\/\/marjaneteck.com\/#website","url":"https:\/\/marjaneteck.com\/","name":"marjane teck","description":"Marjaneteck","potentialAction":[{"@type":"SearchAction","target":{"@type":"EntryPoint","urlTemplate":"https:\/\/marjaneteck.com\/?s={search_term_string}"},"query-input":{"@type":"PropertyValueSpecification","valueRequired":true,"valueName":"search_term_string"}}],"inLanguage":"fr-FR"}]}},"_links":{"self":[{"href":"https:\/\/marjaneteck.com\/index.php?rest_route=\/wp\/v2\/pages\/108","targetHints":{"allow":["GET"]}}],"collection":[{"href":"https:\/\/marjaneteck.com\/index.php?rest_route=\/wp\/v2\/pages"}],"about":[{"href":"https:\/\/marjaneteck.com\/index.php?rest_route=\/wp\/v2\/types\/page"}],"author":[{"embeddable":true,"href":"https:\/\/marjaneteck.com\/index.php?rest_route=\/wp\/v2\/users\/1"}],"replies":[{"embeddable":true,"href":"https:\/\/marjaneteck.com\/index.php?rest_route=%2Fwp%2Fv2%2Fcomments&post=108"}],"version-history":[{"count":20,"href":"https:\/\/marjaneteck.com\/index.php?rest_route=\/wp\/v2\/pages\/108\/revisions"}],"predecessor-version":[{"id":222,"href":"https:\/\/marjaneteck.com\/index.php?rest_route=\/wp\/v2\/pages\/108\/revisions\/222"}],"wp:featuredmedia":[{"embeddable":true,"href":"https:\/\/marjaneteck.com\/index.php?rest_route=\/wp\/v2\/media\/112"}],"wp:attachment":[{"href":"https:\/\/marjaneteck.com\/index.php?rest_route=%2Fwp%2Fv2%2Fmedia&parent=108"}],"curies":[{"name":"wp","href":"https:\/\/api.w.org\/{rel}","templated":true}]}}